{"id":220,"date":"2024-03-14T10:36:18","date_gmt":"2024-03-14T03:36:18","guid":{"rendered":"https:\/\/haiautic.123websitedev.com\/?page_id=220"},"modified":"2025-12-24T09:21:07","modified_gmt":"2025-12-24T02:21:07","slug":"bay-thue-chuyen","status":"publish","type":"page","link":"https:\/\/haiautic.vn\/en\/bay-thue-chuyen\/","title":{"rendered":"Fly by charter"},"content":{"rendered":"<div data-elementor-type=\"wp-page\" data-elementor-id=\"220\" class=\"elementor elementor-220\" data-elementor-post-type=\"page\">\n\t\t\t\t<div class=\"elementor-element elementor-element-d384ad5 e-flex e-con-boxed e-con e-parent\" data-id=\"d384ad5\" data-element_type=\"container\" data-core-v316-plus=\"true\">\n\t\t\t\t\t<div class=\"e-con-inner\">\n\t\t<div class=\"elementor-element elementor-element-5515e04 e-con-full e-flex e-con e-child\" data-id=\"5515e04\" data-element_type=\"container\">\n\t\t<style>\r\n    .blog-home {\r\n        border: 1px solid #fff;\r\n        border-radius: 8px;\r\n        overflow: hidden;\r\n    }\r\n    h2.heading-b {\r\n        display: block;\r\n        font-size: 15px;\r\n        background-image: linear-gradient(180deg, #0E2750, #1f77ae, #0E2750);\r\n        margin-bottom: 0;\r\n        padding: 10px;\r\n        color: #fff;\r\n    }\r\n    .blog-item-article {\r\n        display: flex;\r\n        background: #fff;\r\n        padding: 5px;\r\n\r\n        height: 135px;\r\n    }\r\n\r\n    .blog-home .blog-item-image img {\r\n        width: 100% !important;\r\n        height: 100% !important;\r\n        object-fit: cover;\r\n        border-radius: 8px !important;\r\n    }\r\n    .blog-home .blog-item-image {\r\n        flex-shrink: 0;\r\n        margin-right: 10px;\r\n        width: 150px;\r\n        aspect-ratio: 16 \/ 9;\r\n        overflow: hidden;\r\n        border-top-left-radius: 10px;\r\n        border-top-right-radius: 10px;\r\n    }\r\n    h3.blog-item-title {\r\n        font-size: 14px;\r\n        color: #042c6d;\r\n    }\r\n    .blog-home .blog-item-content {\r\n        padding: 0;\r\n    }\r\n    .blog-list-h p.blog-item-description {\r\n        font-size: 13px;\r\n        color: #252525;\r\n        margin-bottom: 0;\r\n        height: 58px;\r\n    }\r\n\r\n    .blog-list-h {\r\n        width: 100%;\r\n        height: 100% !important;\r\n        background: #fff;\r\n        margin-bottom: 0px !important;\r\n    }\r\n    ul.slick-dots {\r\n        position: absolute;\r\n        top: 50%;\r\n        right: 0;\r\n        display: flex;\r\n        flex-direction: column;\r\n        transform: translateY(-50%);\r\n        width: 25px;\r\n    }\r\n<\/style>\r\n\r\n<script>\r\n    jQuery(function ($) {\r\n        $('.blog-list-h').slick({\r\n\r\n            slidesToScroll: 1,\r\n            arrows: false,\r\n            dots: true,\r\n            vertical: true,\r\n            verticalSwiping: true\r\n\r\n        });\r\n\r\n    });\r\n<\/script>\r\n<style>\r\n    .services_home {\r\n        display: grid;\r\n        grid-template-columns: repeat( 4, 1fr);\r\n        gap: 15px;\r\n    }\r\n    .card-service-body {\r\n        background: #29aae2;\r\n        color: #fff;\r\n        text-align: center;\r\n        padding: 10px;\r\n        font-size: 13px;\r\n    }\r\n\r\n    .card-service {\r\n        border-radius: 8px;\r\n        overflow: hidden;\r\n        border: 1px solid #29aae2;\r\n    }\r\n\r\n    .card-service-img {\r\n        padding: 5px;\r\n    }\r\n\r\n    .card-service-img img {\r\n        width: 100%;\r\n        height: 100%;\r\n        object-fit: cover;\r\n    }\r\n\r\n    .card-service-img img {\r\n        border-radius: 8px;\r\n    }\r\n    @media screen and ( max-width: 767px ){\r\n        .services_home {\r\n            grid-template-columns: repeat( 1, 1fr);\r\n        }\r\n    }\r\n<\/style>\r\n\t\t<div class=\"elementor-element elementor-element-a763744 elementor-widget elementor-widget-image\" data-id=\"a763744\" data-element_type=\"widget\" data-widget_type=\"image.default\">\n\t\t\t\t<div class=\"elementor-widget-container\">\n\t\t\t<style>\/*! elementor - v3.20.0 - 11-03-2024 *\/\n.elementor-widget-image{text-align:center}.elementor-widget-image a{display:inline-block}.elementor-widget-image a img[src$=\".svg\"]{width:48px}.elementor-widget-image img{vertical-align:middle;display:inline-block}<\/style>\t\t\t\t\t\t\t\t\t\t<img fetchpriority=\"high\" decoding=\"async\" width=\"591\" height=\"337\" src=\"https:\/\/haiautic.vn\/wp-content\/uploads\/2024\/03\/banner1-591x337-1.jpg\" class=\"attachment-2048x2048 size-2048x2048 wp-image-64\" alt=\"\" srcset=\"https:\/\/haiautic.vn\/wp-content\/uploads\/2024\/03\/banner1-591x337-1.jpg 591w, https:\/\/haiautic.vn\/wp-content\/uploads\/2024\/03\/banner1-591x337-1-300x171.jpg 300w\" sizes=\"(max-width: 591px) 100vw, 591px\" \/>\t\t\t\t\t\t\t\t\t\t\t\t\t<\/div>\n\t\t\t\t<\/div>\n\t\t\t\t<\/div>\n\t\t<div class=\"elementor-element elementor-element-3ccb0d9 e-con-full e-flex e-con e-child\" data-id=\"3ccb0d9\" data-element_type=\"container\">\n\t\t\t\t<div class=\"elementor-element elementor-element-b4db4e5 elementor-widget elementor-widget-text-editor\" data-id=\"b4db4e5\" data-element_type=\"widget\" data-widget_type=\"text-editor.default\">\n\t\t\t\t<div class=\"elementor-widget-container\">\n\t\t\t<style>\/*! elementor - v3.20.0 - 11-03-2024 *\/\n.elementor-widget-text-editor.elementor-drop-cap-view-stacked .elementor-drop-cap{background-color:#69727d;color:#fff}.elementor-widget-text-editor.elementor-drop-cap-view-framed .elementor-drop-cap{color:#69727d;border:3px solid;background-color:transparent}.elementor-widget-text-editor:not(.elementor-drop-cap-view-default) .elementor-drop-cap{margin-top:8px}.elementor-widget-text-editor:not(.elementor-drop-cap-view-default) .elementor-drop-cap-letter{width:1em;height:1em}.elementor-widget-text-editor .elementor-drop-cap{float:left;text-align:center;line-height:1;font-size:50px}.elementor-widget-text-editor .elementor-drop-cap-letter{display:inline-block}<\/style>\t\t\t\t<p><strong>*\u00a0<\/strong><strong>D\u1ecbch v\u1ee5 cho thu\u00ea tr\u1ef1c th\u0103ng du l\u1ecbch chuy\u00ean nghi\u1ec7p<\/strong><strong>:<\/strong><\/p><p>V\u1edbi \u0111\u1ed9i m\u00e1y bay tr\u1ef1c th\u0103ng hi\u1ec7n \u0111\u1ea1i g\u1ed3m 28 chi\u1ebfc c\u00f3 kh\u1ea3 n\u0103ng chuy\u00ean ch\u1edf t\u1eeb\u00a0 4 \u0111\u1ebfn 24 h\u00e0nh kh\u00e1ch, h\u1ec7 th\u1ed1ng s\u00e2n bay r\u1ed9ng kh\u1eafp c\u1ea3 n\u01b0\u1edbc , 50 \u0111\u01b0\u1eddng bay du l\u1ecbch \u0111\u01b0\u1ee3c c\u1ea5p ph\u00e9p \u0111\u1ebfn t\u1ea5t c\u1ea3 c\u00e1c \u0111i\u1ec3m du l\u1ecbch h\u1ea5p d\u1eabn (H\u1ea1 Long, C\u00e1t Bi, C\u00e1t B\u00e0, M\u00f3ng C\u00e1i, L\u00e0o Cai, Sapa, \u0110i\u1ec7n Bi\u00ean Ph\u1ee7, Ho\u00e0 B\u00ecnh,Thanh H\u00f3a, Vinh, Q\u1ee7ang B\u00ecnh,Hu\u1ebf, \u0110\u00e0 N\u1eb5ng, Nha Trang, V\u0169ng T\u00e0u, C\u00f4n \u0110\u1ea3o, C\u1ea7n Th\u01a1, C\u00e0 Mau, Ph\u00fa Qu\u1ed1c&#8230;), VNH s\u1eb5n s\u00e0ng cung c\u1ea5p cho kh\u00e1ch h\u00e0ng nh\u1eefng tr\u1ea3i nghi\u1ec7m th\u00fa v\u1ecb khi \u0111\u01b0\u1ee3c ng\u1eafm nh\u00ecn phong c\u1ea3nh t\u1eeb tr\u00ean kh\u00f4ng.<\/p><p><strong>\u00a0<\/strong><\/p><p>Ngo\u00e0i c\u00e1c d\u1ecbch v\u1ee5 ch\u00ednh, VNH hi\u1ec7n \u0111ang cung c\u1ea5p c\u00e1c d\u1ecbch v\u1ee5 tr\u1ef1c th\u0103ng ph\u1ee5c v\u1ee5 c\u00e1c nhu c\u1ea7u bay kh\u00e1c nh\u01b0:<\/p><p><strong>* Bay quay phim, ch\u1ee5p \u1ea3nh<\/strong><\/p><p><strong>* Bay ph\u1ee5c v\u1ee5 c\u00e1c s\u1ef1 ki\u1ec7n v\u0103n h\u00f3a &#8211; th\u1ec3 thao<\/strong><\/p><p><strong>* Bay th\u0103m d\u00f2 \u0111\u1ecba ch\u1ea5t<\/strong><\/p><p><strong>* Bay c\u1ea5p c\u1ee9u y t\u1ebf<\/strong><\/p><p><strong>* Bay treo c\u1ea9u h\u00e0ng h\u00f3a\u2026<\/strong><\/p><div><div>\u00a0<\/div><\/div><div><strong>Chi ti\u1ebft xin li\u00ean h\u1ec7:<br \/><\/strong><\/div>\t\t\t\t\t\t<\/div>\n\t\t\t\t<\/div>\n\t\t\t\t<\/div>\n\t\t\t\t\t<\/div>\n\t\t\t\t<\/div>\n\t\t<div class=\"elementor-element elementor-element-33078a5 e-flex e-con-boxed e-con e-parent\" data-id=\"33078a5\" data-element_type=\"container\" data-core-v316-plus=\"true\">\n\t\t\t\t\t<div class=\"e-con-inner\">\n\t\t\t\t<div class=\"elementor-element elementor-element-750a3ba elementor-widget elementor-widget-text-editor\" data-id=\"750a3ba\" data-element_type=\"widget\" data-widget_type=\"text-editor.default\">\n\t\t\t\t<div class=\"elementor-widget-container\">\n\t\t\t\t\t\t\t<div><p><strong><a href=\"https:\/\/haiautic.vn\/en\/\">C\u00f4ng ty c\u1ed5 ph\u1ea7n \u0110\u1ea7u t\u01b0 Th\u01b0\u01a1ng m\u1ea1i H\u1ea3i \u00e2u \u2013 Haiau TIC<\/a><\/strong><\/p><p>&#8211; \u0110\u1ecba ch\u1ec9: 39B Tr\u01b0\u1eddng S\u01a1n \u2013 Ph\u01b0\u1eddng T\u00e2n S\u01a1n Nh\u1ea5t \u2013 Tp. H\u1ed3 Ch\u00ed Minh<\/p><p>&#8211;\u00a0Hotline: \u200e0971797989<\/p><p>&#8211; \u0110i\u1ec7n tho\u1ea1i: (84-28) 38443 289\u00a0<\/p><p>&#8211; Fax: (84-28) 3884 3301<\/p><p>&#8211; Email:\u00a0<a href=\"mailto:info@haiautic.vn\">info@haiautic.vn<\/a><\/p><\/div><div>\u00a0<\/div>\t\t\t\t\t\t<\/div>\n\t\t\t\t<\/div>\n\t\t\t\t\t<\/div>\n\t\t\t\t<\/div>\n\t\t<div class=\"elementor-element elementor-element-472b2c0 e-grid e-con-boxed e-con e-parent\" data-id=\"472b2c0\" data-element_type=\"container\" data-core-v316-plus=\"true\">\n\t\t\t\t\t<div class=\"e-con-inner\">\n\t\t\t\t<div class=\"elementor-element elementor-element-466573d elementor-widget elementor-widget-image\" data-id=\"466573d\" data-element_type=\"widget\" data-widget_type=\"image.default\">\n\t\t\t\t<div class=\"elementor-widget-container\">\n\t\t\t\t\t\t\t\t\t\t\t\t\t<img decoding=\"async\" width=\"640\" height=\"427\" src=\"https:\/\/haiautic.vn\/wp-content\/uploads\/2025\/12\/IM4A0383-1024x683.jpg\" class=\"attachment-large size-large wp-image-662\" alt=\"\" srcset=\"https:\/\/haiautic.vn\/wp-content\/uploads\/2025\/12\/IM4A0383-1024x683.jpg 1024w, https:\/\/haiautic.vn\/wp-content\/uploads\/2025\/12\/IM4A0383-300x200.jpg 300w, https:\/\/haiautic.vn\/wp-content\/uploads\/2025\/12\/IM4A0383-768x512.jpg 768w, https:\/\/haiautic.vn\/wp-content\/uploads\/2025\/12\/IM4A0383-1536x1024.jpg 1536w, https:\/\/haiautic.vn\/wp-content\/uploads\/2025\/12\/IM4A0383-2048x1365.jpg 2048w, https:\/\/haiautic.vn\/wp-content\/uploads\/2025\/12\/IM4A0383-18x12.jpg 18w\" sizes=\"(max-width: 640px) 100vw, 640px\" \/>\t\t\t\t\t\t\t\t\t\t\t\t\t<\/div>\n\t\t\t\t<\/div>\n\t\t\t\t<div class=\"elementor-element elementor-element-71768a2 elementor-widget elementor-widget-video\" data-id=\"71768a2\" data-element_type=\"widget\" data-settings=\"{&quot;youtube_url&quot;:&quot;https:\\\/\\\/www.youtube.com\\\/watch?v=tss0Awt-UIs&quot;,&quot;video_type&quot;:&quot;youtube&quot;,&quot;controls&quot;:&quot;yes&quot;}\" data-widget_type=\"video.default\">\n\t\t\t\t<div class=\"elementor-widget-container\">\n\t\t\t<style>\/*! elementor - v3.20.0 - 11-03-2024 *\/\n.elementor-widget-video .elementor-widget-container{overflow:hidden;transform:translateZ(0)}.elementor-widget-video .elementor-wrapper{aspect-ratio:var(--video-aspect-ratio)}.elementor-widget-video .elementor-wrapper iframe,.elementor-widget-video .elementor-wrapper video{height:100%;width:100%;display:flex;border:none;background-color:#000}@supports not (aspect-ratio:1\/1){.elementor-widget-video .elementor-wrapper{position:relative;overflow:hidden;height:0;padding-bottom:calc(100% \/ var(--video-aspect-ratio))}.elementor-widget-video .elementor-wrapper iframe,.elementor-widget-video .elementor-wrapper video{position:absolute;top:0;right:0;bottom:0;left:0}}.elementor-widget-video .elementor-open-inline .elementor-custom-embed-image-overlay{position:absolute;top:0;right:0;bottom:0;left:0;background-size:cover;background-position:50%}.elementor-widget-video .elementor-custom-embed-image-overlay{cursor:pointer;text-align:center}.elementor-widget-video .elementor-custom-embed-image-overlay:hover .elementor-custom-embed-play i{opacity:1}.elementor-widget-video .elementor-custom-embed-image-overlay img{display:block;width:100%;aspect-ratio:var(--video-aspect-ratio);-o-object-fit:cover;object-fit:cover;-o-object-position:center center;object-position:center center}@supports not (aspect-ratio:1\/1){.elementor-widget-video .elementor-custom-embed-image-overlay{position:relative;overflow:hidden;height:0;padding-bottom:calc(100% \/ var(--video-aspect-ratio))}.elementor-widget-video .elementor-custom-embed-image-overlay img{position:absolute;top:0;right:0;bottom:0;left:0}}.elementor-widget-video .e-hosted-video .elementor-video{-o-object-fit:cover;object-fit:cover}.e-con-inner>.elementor-widget-video,.e-con>.elementor-widget-video{width:var(--container-widget-width);--flex-grow:var(--container-widget-flex-grow)}<\/style>\t\t<div class=\"elementor-wrapper elementor-open-inline\">\n\t\t\t<div class=\"elementor-video\"><\/div>\t\t<\/div>\n\t\t\t\t<\/div>\n\t\t\t\t<\/div>\n\t\t\t\t<div class=\"elementor-element elementor-element-15b1437 elementor-widget elementor-widget-video\" data-id=\"15b1437\" data-element_type=\"widget\" data-settings=\"{&quot;youtube_url&quot;:&quot;https:\\\/\\\/www.youtube.com\\\/watch?v=0Q3DW5CUQCk&quot;,&quot;video_type&quot;:&quot;youtube&quot;,&quot;controls&quot;:&quot;yes&quot;}\" data-widget_type=\"video.default\">\n\t\t\t\t<div class=\"elementor-widget-container\">\n\t\t\t\t\t<div class=\"elementor-wrapper elementor-open-inline\">\n\t\t\t<div class=\"elementor-video\"><\/div>\t\t<\/div>\n\t\t\t\t<\/div>\n\t\t\t\t<\/div>\n\t\t\t\t<div class=\"elementor-element elementor-element-00d4cb4 elementor-widget elementor-widget-video\" data-id=\"00d4cb4\" data-element_type=\"widget\" data-settings=\"{&quot;youtube_url&quot;:&quot;https:\\\/\\\/www.youtube.com\\\/watch?v=ftJNeM3MzFo&amp;t=55s&quot;,&quot;video_type&quot;:&quot;youtube&quot;,&quot;controls&quot;:&quot;yes&quot;}\" data-widget_type=\"video.default\">\n\t\t\t\t<div class=\"elementor-widget-container\">\n\t\t\t\t\t<div class=\"elementor-wrapper elementor-open-inline\">\n\t\t\t<div class=\"elementor-video\"><\/div>\t\t<\/div>\n\t\t\t\t<\/div>\n\t\t\t\t<\/div>\n\t\t\t\t<div class=\"elementor-element elementor-element-92e7dd9 elementor-widget elementor-widget-video\" data-id=\"92e7dd9\" data-element_type=\"widget\" data-settings=\"{&quot;youtube_url&quot;:&quot;https:\\\/\\\/www.youtube.com\\\/watch?v=QSmp3PbKYyk&quot;,&quot;video_type&quot;:&quot;youtube&quot;,&quot;controls&quot;:&quot;yes&quot;}\" data-widget_type=\"video.default\">\n\t\t\t\t<div class=\"elementor-widget-container\">\n\t\t\t\t\t<div class=\"elementor-wrapper elementor-open-inline\">\n\t\t\t<div class=\"elementor-video\"><\/div>\t\t<\/div>\n\t\t\t\t<\/div>\n\t\t\t\t<\/div>\n\t\t\t\t<div class=\"elementor-element elementor-element-5cb93ce elementor-widget elementor-widget-video\" data-id=\"5cb93ce\" data-element_type=\"widget\" data-settings=\"{&quot;youtube_url&quot;:&quot;https:\\\/\\\/www.youtube.com\\\/watch?v=MPPQfsOr-NE&quot;,&quot;video_type&quot;:&quot;youtube&quot;,&quot;controls&quot;:&quot;yes&quot;}\" data-widget_type=\"video.default\">\n\t\t\t\t<div class=\"elementor-widget-container\">\n\t\t\t\t\t<div class=\"elementor-wrapper elementor-open-inline\">\n\t\t\t<div class=\"elementor-video\"><\/div>\t\t<\/div>\n\t\t\t\t<\/div>\n\t\t\t\t<\/div>\n\t\t\t\t\t<\/div>\n\t\t\t\t<\/div>\n\t\t\t\t<\/div>","protected":false},"excerpt":{"rendered":"<p>*\u00a0D\u1ecbch v\u1ee5 cho thu\u00ea tr\u1ef1c th\u0103ng du l\u1ecbch chuy\u00ean nghi\u1ec7p: V\u1edbi \u0111\u1ed9i m\u00e1y bay tr\u1ef1c th\u0103ng hi\u1ec7n \u0111\u1ea1i g\u1ed3m 28 chi\u1ebfc c\u00f3 kh\u1ea3 n\u0103ng chuy\u00ean ch\u1edf t\u1eeb\u00a0 4 \u0111\u1ebfn 24 h\u00e0nh kh\u00e1ch, h\u1ec7 th\u1ed1ng s\u00e2n bay r\u1ed9ng kh\u1eafp c\u1ea3 n\u01b0\u1edbc , 50 \u0111\u01b0\u1eddng bay du l\u1ecbch \u0111\u01b0\u1ee3c c\u1ea5p ph\u00e9p \u0111\u1ebfn t\u1ea5t c\u1ea3 c\u00e1c \u0111i\u1ec3m du<\/p>","protected":false},"author":1,"featured_media":0,"parent":0,"menu_order":0,"comment_status":"closed","ping_status":"closed","template":"page-templates\/contact.php","meta":{"footnotes":""},"class_list":["post-220","page","type-page","status-publish","hentry"],"acf":[],"yoast_head":"<!-- This site is optimized with the Yoast SEO Premium plugin v20.9 (Yoast SEO v20.9) - https:\/\/yoast.com\/wordpress\/plugins\/seo\/ -->\n<title>Bay thu\u00ea chuy\u1ebfn - H\u1ea3i \u00c2u TIC<\/title>\n<meta name=\"robots\" content=\"index, follow, max-snippet:-1, max-image-preview:large, max-video-preview:-1\" \/>\n<link rel=\"canonical\" href=\"https:\/\/haiautic.vn\/en\/bay-thue-chuyen\/\" \/>\n<meta property=\"og:locale\" content=\"en_GB\" \/>\n<meta property=\"og:type\" content=\"article\" \/>\n<meta property=\"og:title\" content=\"Bay thu\u00ea chuy\u1ebfn\" \/>\n<meta property=\"og:description\" content=\"*\u00a0D\u1ecbch v\u1ee5 cho thu\u00ea tr\u1ef1c th\u0103ng du l\u1ecbch chuy\u00ean nghi\u1ec7p: V\u1edbi \u0111\u1ed9i m\u00e1y bay tr\u1ef1c th\u0103ng hi\u1ec7n \u0111\u1ea1i g\u1ed3m 28 chi\u1ebfc c\u00f3 kh\u1ea3 n\u0103ng chuy\u00ean ch\u1edf t\u1eeb\u00a0 4 \u0111\u1ebfn 24 h\u00e0nh kh\u00e1ch, h\u1ec7 th\u1ed1ng s\u00e2n bay r\u1ed9ng kh\u1eafp c\u1ea3 n\u01b0\u1edbc , 50 \u0111\u01b0\u1eddng bay du l\u1ecbch \u0111\u01b0\u1ee3c c\u1ea5p ph\u00e9p \u0111\u1ebfn t\u1ea5t c\u1ea3 c\u00e1c \u0111i\u1ec3m du\" \/>\n<meta property=\"og:url\" content=\"https:\/\/haiautic.vn\/en\/bay-thue-chuyen\/\" \/>\n<meta property=\"og:site_name\" content=\"H\u1ea3i \u00c2u TIC\" \/>\n<meta property=\"article:modified_time\" content=\"2025-12-24T02:21:07+00:00\" \/>\n<meta property=\"og:image\" content=\"https:\/\/haiautic.vn\/wp-content\/uploads\/2024\/03\/banner1-591x337-1.jpg\" \/>\n<meta name=\"twitter:card\" content=\"summary_large_image\" \/>\n<meta name=\"twitter:label1\" content=\"Estimated reading time\" \/>\n\t<meta name=\"twitter:data1\" content=\"2 minutes\" \/>\n<script type=\"application\/ld+json\" class=\"yoast-schema-graph\">{\"@context\":\"https:\/\/schema.org\",\"@graph\":[{\"@type\":\"WebPage\",\"@id\":\"https:\/\/haiautic.vn\/bay-thue-chuyen\/\",\"url\":\"https:\/\/haiautic.vn\/bay-thue-chuyen\/\",\"name\":\"Bay thu\u00ea chuy\u1ebfn - H\u1ea3i \u00c2u TIC\",\"isPartOf\":{\"@id\":\"https:\/\/haiautic.vn\/#website\"},\"datePublished\":\"2024-03-14T03:36:18+00:00\",\"dateModified\":\"2025-12-24T02:21:07+00:00\",\"breadcrumb\":{\"@id\":\"https:\/\/haiautic.vn\/bay-thue-chuyen\/#breadcrumb\"},\"inLanguage\":\"en-GB\",\"potentialAction\":[{\"@type\":\"ReadAction\",\"target\":[\"https:\/\/haiautic.vn\/bay-thue-chuyen\/\"]}]},{\"@type\":\"BreadcrumbList\",\"@id\":\"https:\/\/haiautic.vn\/bay-thue-chuyen\/#breadcrumb\",\"itemListElement\":[{\"@type\":\"ListItem\",\"position\":1,\"name\":\"Trang ch\u1ee7\",\"item\":\"https:\/\/haiautic.vn\/\"},{\"@type\":\"ListItem\",\"position\":2,\"name\":\"Bay thu\u00ea chuy\u1ebfn\"}]},{\"@type\":\"WebSite\",\"@id\":\"https:\/\/haiautic.vn\/#website\",\"url\":\"https:\/\/haiautic.vn\/\",\"name\":\"H\u1ea3i \u00c2u TIC\",\"description\":\"\",\"publisher\":{\"@id\":\"https:\/\/haiautic.vn\/#organization\"},\"potentialAction\":[{\"@type\":\"SearchAction\",\"target\":{\"@type\":\"EntryPoint\",\"urlTemplate\":\"https:\/\/haiautic.vn\/?s={search_term_string}\"},\"query-input\":\"required name=search_term_string\"}],\"inLanguage\":\"en-GB\"},{\"@type\":\"Organization\",\"@id\":\"https:\/\/haiautic.vn\/#organization\",\"name\":\"H\u1ea3i \u00c2u TIC\",\"url\":\"https:\/\/haiautic.vn\/\",\"logo\":{\"@type\":\"ImageObject\",\"inLanguage\":\"en-GB\",\"@id\":\"https:\/\/haiautic.vn\/#\/schema\/logo\/image\/\",\"url\":\"https:\/\/haiautic.vn\/wp-content\/uploads\/2024\/03\/cropped-cropped-logo.png\",\"contentUrl\":\"https:\/\/haiautic.vn\/wp-content\/uploads\/2024\/03\/cropped-cropped-logo.png\",\"width\":512,\"height\":512,\"caption\":\"H\u1ea3i \u00c2u TIC\"},\"image\":{\"@id\":\"https:\/\/haiautic.vn\/#\/schema\/logo\/image\/\"}}]}<\/script>\n<!-- \/ Yoast SEO Premium plugin. -->","yoast_head_json":{"title":"Bay thu\u00ea chuy\u1ebfn - H\u1ea3i \u00c2u TIC","robots":{"index":"index","follow":"follow","max-snippet":"max-snippet:-1","max-image-preview":"max-image-preview:large","max-video-preview":"max-video-preview:-1"},"canonical":"https:\/\/haiautic.vn\/en\/bay-thue-chuyen\/","og_locale":"en_GB","og_type":"article","og_title":"Bay thu\u00ea chuy\u1ebfn","og_description":"*\u00a0D\u1ecbch v\u1ee5 cho thu\u00ea tr\u1ef1c th\u0103ng du l\u1ecbch chuy\u00ean nghi\u1ec7p: V\u1edbi \u0111\u1ed9i m\u00e1y bay tr\u1ef1c th\u0103ng hi\u1ec7n \u0111\u1ea1i g\u1ed3m 28 chi\u1ebfc c\u00f3 kh\u1ea3 n\u0103ng chuy\u00ean ch\u1edf t\u1eeb\u00a0 4 \u0111\u1ebfn 24 h\u00e0nh kh\u00e1ch, h\u1ec7 th\u1ed1ng s\u00e2n bay r\u1ed9ng kh\u1eafp c\u1ea3 n\u01b0\u1edbc , 50 \u0111\u01b0\u1eddng bay du l\u1ecbch \u0111\u01b0\u1ee3c c\u1ea5p ph\u00e9p \u0111\u1ebfn t\u1ea5t c\u1ea3 c\u00e1c \u0111i\u1ec3m du","og_url":"https:\/\/haiautic.vn\/en\/bay-thue-chuyen\/","og_site_name":"H\u1ea3i \u00c2u TIC","article_modified_time":"2025-12-24T02:21:07+00:00","og_image":[{"url":"https:\/\/haiautic.vn\/wp-content\/uploads\/2024\/03\/banner1-591x337-1.jpg"}],"twitter_card":"summary_large_image","twitter_misc":{"Estimated reading time":"2 minutes"},"schema":{"@context":"https:\/\/schema.org","@graph":[{"@type":"WebPage","@id":"https:\/\/haiautic.vn\/bay-thue-chuyen\/","url":"https:\/\/haiautic.vn\/bay-thue-chuyen\/","name":"Bay thu\u00ea chuy\u1ebfn - H\u1ea3i \u00c2u TIC","isPartOf":{"@id":"https:\/\/haiautic.vn\/#website"},"datePublished":"2024-03-14T03:36:18+00:00","dateModified":"2025-12-24T02:21:07+00:00","breadcrumb":{"@id":"https:\/\/haiautic.vn\/bay-thue-chuyen\/#breadcrumb"},"inLanguage":"en-GB","potentialAction":[{"@type":"ReadAction","target":["https:\/\/haiautic.vn\/bay-thue-chuyen\/"]}]},{"@type":"BreadcrumbList","@id":"https:\/\/haiautic.vn\/bay-thue-chuyen\/#breadcrumb","itemListElement":[{"@type":"ListItem","position":1,"name":"Trang ch\u1ee7","item":"https:\/\/haiautic.vn\/"},{"@type":"ListItem","position":2,"name":"Bay thu\u00ea chuy\u1ebfn"}]},{"@type":"WebSite","@id":"https:\/\/haiautic.vn\/#website","url":"https:\/\/haiautic.vn\/","name":"H\u1ea3i \u00c2u TIC","description":"","publisher":{"@id":"https:\/\/haiautic.vn\/#organization"},"potentialAction":[{"@type":"SearchAction","target":{"@type":"EntryPoint","urlTemplate":"https:\/\/haiautic.vn\/?s={search_term_string}"},"query-input":"required name=search_term_string"}],"inLanguage":"en-GB"},{"@type":"Organization","@id":"https:\/\/haiautic.vn\/#organization","name":"H\u1ea3i \u00c2u TIC","url":"https:\/\/haiautic.vn\/","logo":{"@type":"ImageObject","inLanguage":"en-GB","@id":"https:\/\/haiautic.vn\/#\/schema\/logo\/image\/","url":"https:\/\/haiautic.vn\/wp-content\/uploads\/2024\/03\/cropped-cropped-logo.png","contentUrl":"https:\/\/haiautic.vn\/wp-content\/uploads\/2024\/03\/cropped-cropped-logo.png","width":512,"height":512,"caption":"H\u1ea3i \u00c2u TIC"},"image":{"@id":"https:\/\/haiautic.vn\/#\/schema\/logo\/image\/"}}]}},"_links":{"self":[{"href":"https:\/\/haiautic.vn\/en\/wp-json\/wp\/v2\/pages\/220","targetHints":{"allow":["GET"]}}],"collection":[{"href":"https:\/\/haiautic.vn\/en\/wp-json\/wp\/v2\/pages"}],"about":[{"href":"https:\/\/haiautic.vn\/en\/wp-json\/wp\/v2\/types\/page"}],"author":[{"embeddable":true,"href":"https:\/\/haiautic.vn\/en\/wp-json\/wp\/v2\/users\/1"}],"replies":[{"embeddable":true,"href":"https:\/\/haiautic.vn\/en\/wp-json\/wp\/v2\/comments?post=220"}],"version-history":[{"count":18,"href":"https:\/\/haiautic.vn\/en\/wp-json\/wp\/v2\/pages\/220\/revisions"}],"predecessor-version":[{"id":725,"href":"https:\/\/haiautic.vn\/en\/wp-json\/wp\/v2\/pages\/220\/revisions\/725"}],"wp:attachment":[{"href":"https:\/\/haiautic.vn\/en\/wp-json\/wp\/v2\/media?parent=220"}],"curies":[{"name":"wp","href":"https:\/\/api.w.org\/{rel}","templated":true}]}}