{"id":218,"date":"2024-03-14T10:35:58","date_gmt":"2024-03-14T03:35:58","guid":{"rendered":"https:\/\/haiautic.123websitedev.com\/?page_id=218"},"modified":"2025-12-24T10:21:50","modified_gmt":"2025-12-24T03:21:50","slug":"bay-ngam-canh","status":"publish","type":"page","link":"https:\/\/haiautic.vn\/en\/bay-ngam-canh\/","title":{"rendered":"Fly for sightseeing"},"content":{"rendered":"<div data-elementor-type=\"wp-page\" data-elementor-id=\"218\" class=\"elementor elementor-218\" data-elementor-post-type=\"page\">\n\t\t\t\t<div class=\"elementor-element elementor-element-63bc688 e-flex e-con-boxed e-con e-parent\" data-id=\"63bc688\" data-element_type=\"container\" data-core-v316-plus=\"true\">\n\t\t\t\t\t<div class=\"e-con-inner\">\n\t\t<div class=\"elementor-element elementor-element-ebd2dc0 e-con-full e-flex e-con e-child\" data-id=\"ebd2dc0\" data-element_type=\"container\">\n\t\t<style>\r\n    .blog-home {\r\n        border: 1px solid #fff;\r\n        border-radius: 8px;\r\n        overflow: hidden;\r\n    }\r\n    h2.heading-b {\r\n        display: block;\r\n        font-size: 15px;\r\n        background-image: linear-gradient(180deg, #0E2750, #1f77ae, #0E2750);\r\n        margin-bottom: 0;\r\n        padding: 10px;\r\n        color: #fff;\r\n    }\r\n    .blog-item-article {\r\n        display: flex;\r\n        background: #fff;\r\n        padding: 5px;\r\n\r\n        height: 135px;\r\n    }\r\n\r\n    .blog-home .blog-item-image img {\r\n        width: 100% !important;\r\n        height: 100% !important;\r\n        object-fit: cover;\r\n        border-radius: 8px !important;\r\n    }\r\n    .blog-home .blog-item-image {\r\n        flex-shrink: 0;\r\n        margin-right: 10px;\r\n        width: 150px;\r\n        aspect-ratio: 16 \/ 9;\r\n        overflow: hidden;\r\n        border-top-left-radius: 10px;\r\n        border-top-right-radius: 10px;\r\n    }\r\n    h3.blog-item-title {\r\n        font-size: 14px;\r\n        color: #042c6d;\r\n    }\r\n    .blog-home .blog-item-content {\r\n        padding: 0;\r\n    }\r\n    .blog-list-h p.blog-item-description {\r\n        font-size: 13px;\r\n        color: #252525;\r\n        margin-bottom: 0;\r\n        height: 58px;\r\n    }\r\n\r\n    .blog-list-h {\r\n        width: 100%;\r\n        height: 100% !important;\r\n        background: #fff;\r\n        margin-bottom: 0px !important;\r\n    }\r\n    ul.slick-dots {\r\n        position: absolute;\r\n        top: 50%;\r\n        right: 0;\r\n        display: flex;\r\n        flex-direction: column;\r\n        transform: translateY(-50%);\r\n        width: 25px;\r\n    }\r\n<\/style>\r\n\r\n<script>\r\n    jQuery(function ($) {\r\n        $('.blog-list-h').slick({\r\n\r\n            slidesToScroll: 1,\r\n            arrows: false,\r\n            dots: true,\r\n            vertical: true,\r\n            verticalSwiping: true\r\n\r\n        });\r\n\r\n    });\r\n<\/script>\r\n<style>\r\n    .services_home {\r\n        display: grid;\r\n        grid-template-columns: repeat( 4, 1fr);\r\n        gap: 15px;\r\n    }\r\n    .card-service-body {\r\n        background: #29aae2;\r\n        color: #fff;\r\n        text-align: center;\r\n        padding: 10px;\r\n        font-size: 13px;\r\n    }\r\n\r\n    .card-service {\r\n        border-radius: 8px;\r\n        overflow: hidden;\r\n        border: 1px solid #29aae2;\r\n    }\r\n\r\n    .card-service-img {\r\n        padding: 5px;\r\n    }\r\n\r\n    .card-service-img img {\r\n        width: 100%;\r\n        height: 100%;\r\n        object-fit: cover;\r\n    }\r\n\r\n    .card-service-img img {\r\n        border-radius: 8px;\r\n    }\r\n    @media screen and ( max-width: 767px ){\r\n        .services_home {\r\n            grid-template-columns: repeat( 1, 1fr);\r\n        }\r\n    }\r\n<\/style>\r\n\t\t<div class=\"elementor-element elementor-element-22efbea elementor-widget elementor-widget-image\" data-id=\"22efbea\" data-element_type=\"widget\" data-widget_type=\"image.default\">\n\t\t\t\t<div class=\"elementor-widget-container\">\n\t\t\t<style>\/*! elementor - v3.20.0 - 11-03-2024 *\/\n.elementor-widget-image{text-align:center}.elementor-widget-image a{display:inline-block}.elementor-widget-image a img[src$=\".svg\"]{width:48px}.elementor-widget-image img{vertical-align:middle;display:inline-block}<\/style>\t\t\t\t\t\t\t\t\t\t<img fetchpriority=\"high\" decoding=\"async\" width=\"591\" height=\"337\" src=\"https:\/\/haiautic.vn\/wp-content\/uploads\/2024\/03\/thuemaybay11-591x337-1.jpg\" class=\"attachment-2048x2048 size-2048x2048 wp-image-65\" alt=\"\" srcset=\"https:\/\/haiautic.vn\/wp-content\/uploads\/2024\/03\/thuemaybay11-591x337-1.jpg 591w, https:\/\/haiautic.vn\/wp-content\/uploads\/2024\/03\/thuemaybay11-591x337-1-300x171.jpg 300w\" sizes=\"(max-width: 591px) 100vw, 591px\" \/>\t\t\t\t\t\t\t\t\t\t\t\t\t<\/div>\n\t\t\t\t<\/div>\n\t\t\t\t<\/div>\n\t\t<div class=\"elementor-element elementor-element-324f717 e-con-full e-flex e-con e-child\" data-id=\"324f717\" data-element_type=\"container\">\n\t\t\t\t<div class=\"elementor-element elementor-element-4be3d52 elementor-widget elementor-widget-text-editor\" data-id=\"4be3d52\" data-element_type=\"widget\" data-widget_type=\"text-editor.default\">\n\t\t\t\t<div class=\"elementor-widget-container\">\n\t\t\t<style>\/*! elementor - v3.20.0 - 11-03-2024 *\/\n.elementor-widget-text-editor.elementor-drop-cap-view-stacked .elementor-drop-cap{background-color:#69727d;color:#fff}.elementor-widget-text-editor.elementor-drop-cap-view-framed .elementor-drop-cap{color:#69727d;border:3px solid;background-color:transparent}.elementor-widget-text-editor:not(.elementor-drop-cap-view-default) .elementor-drop-cap{margin-top:8px}.elementor-widget-text-editor:not(.elementor-drop-cap-view-default) .elementor-drop-cap-letter{width:1em;height:1em}.elementor-widget-text-editor .elementor-drop-cap{float:left;text-align:center;line-height:1;font-size:50px}.elementor-widget-text-editor .elementor-drop-cap-letter{display:inline-block}<\/style>\t\t\t\t<p>Ng\u1eafm nh\u00ecn \u0111\u1ea5t tr\u1eddi t\u1eeb m\u00e1y bay tr\u1ef1c th\u0103ng, \u0111\u00f3 l\u00e0 m\u1ed9t trong nh\u1eefng tr\u1ea3i nghi\u1ec7m th\u00fa v\u1ecb, b\u1ea1n s\u1ebd kh\u00f4ng bao gi\u1edd qu\u00ean<\/p><p>&#8211; 28 m\u00e1y bay tr\u1ef1c th\u0103ng hi\u1ec7n \u0111\u1ea1i t\u1eeb 4 \u0111\u1ebfn 24 ch\u1ed7<\/p><p>&#8211; H\u1ec7 th\u1ed1ng 50 \u0111\u01b0\u1eddng bay du l\u1ecbch \u0111\u01b0\u1ee3c c\u1ea5p ph\u00e9p (H\u1ea1 Long, Ninh\u00a0B\u00ecnh, C\u00e1t Bi, C\u00e1t B\u00e0, M\u00f3ng C\u00e1i, L\u00e0o Cai, Sapa, \u0110i\u1ec7n Bi\u00ean Ph\u1ee7, Ho\u00e0 B\u00ecnh,Thanh H\u00f3a, Vinh,\u00a0Qu\u1ea3ng B\u00ecnh, Hu\u1ebf, \u0110\u00e0 N\u1eb5ng, Nha Trang, V\u0169ng T\u00e0u, C\u00f4n \u0110\u1ea3o, C\u1ea7n Th\u01a1, C\u00e0 Mau, Ph\u00fa Qu\u1ed1c&#8230;)<br \/>&#8211; H\u1ec7 th\u1ed1ng s\u00e2n bay r\u1ed9ng kh\u1eafp c\u1ea3 n\u01b0\u1edbc<\/p>\t\t\t\t\t\t<\/div>\n\t\t\t\t<\/div>\n\t\t\t\t<\/div>\n\t\t\t\t\t<\/div>\n\t\t\t\t<\/div>\n\t\t<div class=\"elementor-element elementor-element-a86c847 e-flex e-con-boxed e-con e-parent\" data-id=\"a86c847\" data-element_type=\"container\" data-core-v316-plus=\"true\">\n\t\t\t\t\t<div class=\"e-con-inner\">\n\t\t\t\t<div class=\"elementor-element elementor-element-6b240ab elementor-widget elementor-widget-text-editor\" data-id=\"6b240ab\" data-element_type=\"widget\" data-widget_type=\"text-editor.default\">\n\t\t\t\t<div class=\"elementor-widget-container\">\n\t\t\t\t\t\t\t<p><strong><a href=\"https:\/\/haiautic.vn\/en\/\">C\u00f4ng ty c\u1ed5 ph\u1ea7n \u0110\u1ea7u t\u01b0 Th\u01b0\u01a1ng m\u1ea1i H\u1ea3i \u00e2u \u2013 Haiau TIC<\/a><\/strong><\/p><p>&#8211; \u0110\u1ecba ch\u1ec9: 39B Tr\u01b0\u1eddng S\u01a1n \u2013 Ph\u01b0\u1eddng T\u00e2n S\u01a1n Nh\u1ea5t \u2013 Tp. H\u1ed3 Ch\u00ed Minh<\/p><p>&#8211;\u00a0Hotline: \u200e0971797989<\/p><p>&#8211; \u0110i\u1ec7n tho\u1ea1i: (84-28) 38443 289\u00a0<\/p><p>&#8211; Fax: (84-28) 3884 3301<\/p><p>&#8211; Email:\u00a0<a href=\"mailto:info@haiautic.vn\">info@haiautic.vn<\/a><\/p><p>\u00a0<\/p><div><div>\u00a0<\/div><\/div><p>\u00a0<\/p>\t\t\t\t\t\t<\/div>\n\t\t\t\t<\/div>\n\t\t\t\t\t<\/div>\n\t\t\t\t<\/div>\n\t\t<div class=\"elementor-element elementor-element-11abe92 e-grid e-con-full e-con e-parent\" data-id=\"11abe92\" data-element_type=\"container\" data-core-v316-plus=\"true\">\n\t\t\t\t<div class=\"elementor-element elementor-element-ca55fb9 elementor-widget elementor-widget-image\" data-id=\"ca55fb9\" data-element_type=\"widget\" data-widget_type=\"image.default\">\n\t\t\t\t<div class=\"elementor-widget-container\">\n\t\t\t\t\t\t\t\t\t\t\t\t\t<img decoding=\"async\" width=\"640\" height=\"427\" src=\"https:\/\/haiautic.vn\/wp-content\/uploads\/2025\/12\/IM4A0152-1024x683.jpg\" class=\"attachment-large size-large wp-image-661\" alt=\"\" srcset=\"https:\/\/haiautic.vn\/wp-content\/uploads\/2025\/12\/IM4A0152-1024x683.jpg 1024w, https:\/\/haiautic.vn\/wp-content\/uploads\/2025\/12\/IM4A0152-300x200.jpg 300w, https:\/\/haiautic.vn\/wp-content\/uploads\/2025\/12\/IM4A0152-768x512.jpg 768w, https:\/\/haiautic.vn\/wp-content\/uploads\/2025\/12\/IM4A0152-1536x1024.jpg 1536w, https:\/\/haiautic.vn\/wp-content\/uploads\/2025\/12\/IM4A0152-2048x1365.jpg 2048w, https:\/\/haiautic.vn\/wp-content\/uploads\/2025\/12\/IM4A0152-18x12.jpg 18w\" sizes=\"(max-width: 640px) 100vw, 640px\" \/>\t\t\t\t\t\t\t\t\t\t\t\t\t<\/div>\n\t\t\t\t<\/div>\n\t\t\t\t<div class=\"elementor-element elementor-element-f155eb2 elementor-widget elementor-widget-image\" data-id=\"f155eb2\" data-element_type=\"widget\" data-widget_type=\"image.default\">\n\t\t\t\t<div class=\"elementor-widget-container\">\n\t\t\t\t\t\t\t\t\t\t\t\t\t<img decoding=\"async\" width=\"640\" height=\"427\" src=\"https:\/\/haiautic.vn\/wp-content\/uploads\/2025\/12\/IM4A0076-1024x683.jpg\" class=\"attachment-large size-large wp-image-693\" alt=\"\" srcset=\"https:\/\/haiautic.vn\/wp-content\/uploads\/2025\/12\/IM4A0076-1024x683.jpg 1024w, https:\/\/haiautic.vn\/wp-content\/uploads\/2025\/12\/IM4A0076-300x200.jpg 300w, https:\/\/haiautic.vn\/wp-content\/uploads\/2025\/12\/IM4A0076-768x512.jpg 768w, https:\/\/haiautic.vn\/wp-content\/uploads\/2025\/12\/IM4A0076-1536x1024.jpg 1536w, https:\/\/haiautic.vn\/wp-content\/uploads\/2025\/12\/IM4A0076-2048x1365.jpg 2048w, https:\/\/haiautic.vn\/wp-content\/uploads\/2025\/12\/IM4A0076-18x12.jpg 18w\" sizes=\"(max-width: 640px) 100vw, 640px\" \/>\t\t\t\t\t\t\t\t\t\t\t\t\t<\/div>\n\t\t\t\t<\/div>\n\t\t\t\t<div class=\"elementor-element elementor-element-4c81da5 elementor-widget elementor-widget-image\" data-id=\"4c81da5\" data-element_type=\"widget\" data-widget_type=\"image.default\">\n\t\t\t\t<div class=\"elementor-widget-container\">\n\t\t\t\t\t\t\t\t\t\t\t\t\t<img loading=\"lazy\" decoding=\"async\" width=\"640\" height=\"427\" src=\"https:\/\/haiautic.vn\/wp-content\/uploads\/2025\/12\/IM4A0130-1024x683.jpg\" class=\"attachment-large size-large wp-image-694\" alt=\"\" srcset=\"https:\/\/haiautic.vn\/wp-content\/uploads\/2025\/12\/IM4A0130-1024x683.jpg 1024w, https:\/\/haiautic.vn\/wp-content\/uploads\/2025\/12\/IM4A0130-300x200.jpg 300w, https:\/\/haiautic.vn\/wp-content\/uploads\/2025\/12\/IM4A0130-768x512.jpg 768w, https:\/\/haiautic.vn\/wp-content\/uploads\/2025\/12\/IM4A0130-1536x1024.jpg 1536w, https:\/\/haiautic.vn\/wp-content\/uploads\/2025\/12\/IM4A0130-2048x1365.jpg 2048w, https:\/\/haiautic.vn\/wp-content\/uploads\/2025\/12\/IM4A0130-18x12.jpg 18w\" sizes=\"(max-width: 640px) 100vw, 640px\" \/>\t\t\t\t\t\t\t\t\t\t\t\t\t<\/div>\n\t\t\t\t<\/div>\n\t\t\t\t<div class=\"elementor-element elementor-element-7ee87b3 elementor-widget elementor-widget-image\" data-id=\"7ee87b3\" data-element_type=\"widget\" data-widget_type=\"image.default\">\n\t\t\t\t<div class=\"elementor-widget-container\">\n\t\t\t\t\t\t\t\t\t\t\t\t\t<img loading=\"lazy\" decoding=\"async\" width=\"640\" height=\"427\" src=\"https:\/\/haiautic.vn\/wp-content\/uploads\/2025\/12\/IM4A0383-1024x683.jpg\" class=\"attachment-large size-large wp-image-662\" alt=\"\" srcset=\"https:\/\/haiautic.vn\/wp-content\/uploads\/2025\/12\/IM4A0383-1024x683.jpg 1024w, https:\/\/haiautic.vn\/wp-content\/uploads\/2025\/12\/IM4A0383-300x200.jpg 300w, https:\/\/haiautic.vn\/wp-content\/uploads\/2025\/12\/IM4A0383-768x512.jpg 768w, https:\/\/haiautic.vn\/wp-content\/uploads\/2025\/12\/IM4A0383-1536x1024.jpg 1536w, https:\/\/haiautic.vn\/wp-content\/uploads\/2025\/12\/IM4A0383-2048x1365.jpg 2048w, https:\/\/haiautic.vn\/wp-content\/uploads\/2025\/12\/IM4A0383-18x12.jpg 18w\" sizes=\"(max-width: 640px) 100vw, 640px\" \/>\t\t\t\t\t\t\t\t\t\t\t\t\t<\/div>\n\t\t\t\t<\/div>\n\t\t\t\t<div class=\"elementor-element elementor-element-4fd5fe7 elementor-widget elementor-widget-image\" data-id=\"4fd5fe7\" data-element_type=\"widget\" data-widget_type=\"image.default\">\n\t\t\t\t<div class=\"elementor-widget-container\">\n\t\t\t\t\t\t\t\t\t\t\t\t\t<img loading=\"lazy\" decoding=\"async\" width=\"640\" height=\"427\" src=\"https:\/\/haiautic.vn\/wp-content\/uploads\/2025\/12\/IM4A0356-1024x683.jpg\" class=\"attachment-large size-large wp-image-703\" alt=\"\" srcset=\"https:\/\/haiautic.vn\/wp-content\/uploads\/2025\/12\/IM4A0356-1024x683.jpg 1024w, https:\/\/haiautic.vn\/wp-content\/uploads\/2025\/12\/IM4A0356-300x200.jpg 300w, https:\/\/haiautic.vn\/wp-content\/uploads\/2025\/12\/IM4A0356-768x512.jpg 768w, https:\/\/haiautic.vn\/wp-content\/uploads\/2025\/12\/IM4A0356-1536x1024.jpg 1536w, https:\/\/haiautic.vn\/wp-content\/uploads\/2025\/12\/IM4A0356-2048x1365.jpg 2048w, https:\/\/haiautic.vn\/wp-content\/uploads\/2025\/12\/IM4A0356-18x12.jpg 18w\" sizes=\"(max-width: 640px) 100vw, 640px\" \/>\t\t\t\t\t\t\t\t\t\t\t\t\t<\/div>\n\t\t\t\t<\/div>\n\t\t\t\t<div class=\"elementor-element elementor-element-2c43a61 elementor-widget elementor-widget-image\" data-id=\"2c43a61\" data-element_type=\"widget\" data-widget_type=\"image.default\">\n\t\t\t\t<div class=\"elementor-widget-container\">\n\t\t\t\t\t\t\t\t\t\t\t\t\t<img loading=\"lazy\" decoding=\"async\" width=\"640\" height=\"427\" src=\"https:\/\/haiautic.vn\/wp-content\/uploads\/2025\/12\/DSC_4603-1024x683.jpg\" class=\"attachment-large size-large wp-image-702\" alt=\"\" srcset=\"https:\/\/haiautic.vn\/wp-content\/uploads\/2025\/12\/DSC_4603-1024x683.jpg 1024w, https:\/\/haiautic.vn\/wp-content\/uploads\/2025\/12\/DSC_4603-300x200.jpg 300w, https:\/\/haiautic.vn\/wp-content\/uploads\/2025\/12\/DSC_4603-768x512.jpg 768w, https:\/\/haiautic.vn\/wp-content\/uploads\/2025\/12\/DSC_4603-1536x1024.jpg 1536w, https:\/\/haiautic.vn\/wp-content\/uploads\/2025\/12\/DSC_4603-2048x1365.jpg 2048w, https:\/\/haiautic.vn\/wp-content\/uploads\/2025\/12\/DSC_4603-18x12.jpg 18w\" sizes=\"(max-width: 640px) 100vw, 640px\" \/>\t\t\t\t\t\t\t\t\t\t\t\t\t<\/div>\n\t\t\t\t<\/div>\n\t\t\t\t<\/div>\n\t\t\t\t<\/div>","protected":false},"excerpt":{"rendered":"<p>Ng\u1eafm nh\u00ecn \u0111\u1ea5t tr\u1eddi t\u1eeb m\u00e1y bay tr\u1ef1c th\u0103ng, \u0111\u00f3 l\u00e0 m\u1ed9t trong nh\u1eefng tr\u1ea3i nghi\u1ec7m th\u00fa v\u1ecb, b\u1ea1n s\u1ebd kh\u00f4ng bao gi\u1edd qu\u00ean &#8211; 28 m\u00e1y bay tr\u1ef1c th\u0103ng hi\u1ec7n \u0111\u1ea1i t\u1eeb 4 \u0111\u1ebfn 24 ch\u1ed7 &#8211; H\u1ec7 th\u1ed1ng 50 \u0111\u01b0\u1eddng bay du l\u1ecbch \u0111\u01b0\u1ee3c c\u1ea5p ph\u00e9p (H\u1ea1 Long, Ninh\u00a0B\u00ecnh, C\u00e1t Bi, C\u00e1t B\u00e0,<\/p>","protected":false},"author":1,"featured_media":0,"parent":0,"menu_order":0,"comment_status":"closed","ping_status":"closed","template":"page-templates\/contact.php","meta":{"footnotes":""},"class_list":["post-218","page","type-page","status-publish","hentry"],"acf":[],"yoast_head":"<!-- This site is optimized with the Yoast SEO Premium plugin v20.9 (Yoast SEO v20.9) - https:\/\/yoast.com\/wordpress\/plugins\/seo\/ -->\n<title>Bay ng\u1eafm c\u1ea3nh - H\u1ea3i \u00c2u TIC<\/title>\n<meta name=\"robots\" content=\"index, follow, max-snippet:-1, max-image-preview:large, max-video-preview:-1\" \/>\n<link rel=\"canonical\" href=\"https:\/\/haiautic.vn\/en\/bay-ngam-canh\/\" \/>\n<meta property=\"og:locale\" content=\"en_GB\" \/>\n<meta property=\"og:type\" content=\"article\" \/>\n<meta property=\"og:title\" content=\"Bay ng\u1eafm c\u1ea3nh\" \/>\n<meta property=\"og:description\" content=\"Ng\u1eafm nh\u00ecn \u0111\u1ea5t tr\u1eddi t\u1eeb m\u00e1y bay tr\u1ef1c th\u0103ng, \u0111\u00f3 l\u00e0 m\u1ed9t trong nh\u1eefng tr\u1ea3i nghi\u1ec7m th\u00fa v\u1ecb, b\u1ea1n s\u1ebd kh\u00f4ng bao gi\u1edd qu\u00ean &#8211; 28 m\u00e1y bay tr\u1ef1c th\u0103ng hi\u1ec7n \u0111\u1ea1i t\u1eeb 4 \u0111\u1ebfn 24 ch\u1ed7 &#8211; H\u1ec7 th\u1ed1ng 50 \u0111\u01b0\u1eddng bay du l\u1ecbch \u0111\u01b0\u1ee3c c\u1ea5p ph\u00e9p (H\u1ea1 Long, Ninh\u00a0B\u00ecnh, C\u00e1t Bi, C\u00e1t B\u00e0,\" \/>\n<meta property=\"og:url\" content=\"https:\/\/haiautic.vn\/en\/bay-ngam-canh\/\" \/>\n<meta property=\"og:site_name\" content=\"H\u1ea3i \u00c2u TIC\" \/>\n<meta property=\"article:modified_time\" content=\"2025-12-24T03:21:50+00:00\" \/>\n<meta property=\"og:image\" content=\"https:\/\/haiautic.vn\/wp-content\/uploads\/2024\/03\/thuemaybay11-591x337-1.jpg\" \/>\n<meta name=\"twitter:card\" content=\"summary_large_image\" \/>\n<meta name=\"twitter:label1\" content=\"Estimated reading time\" \/>\n\t<meta name=\"twitter:data1\" content=\"3 minutes\" \/>\n<script type=\"application\/ld+json\" class=\"yoast-schema-graph\">{\"@context\":\"https:\/\/schema.org\",\"@graph\":[{\"@type\":\"WebPage\",\"@id\":\"https:\/\/haiautic.vn\/bay-ngam-canh\/\",\"url\":\"https:\/\/haiautic.vn\/bay-ngam-canh\/\",\"name\":\"Bay ng\u1eafm c\u1ea3nh - H\u1ea3i \u00c2u TIC\",\"isPartOf\":{\"@id\":\"https:\/\/haiautic.vn\/#website\"},\"datePublished\":\"2024-03-14T03:35:58+00:00\",\"dateModified\":\"2025-12-24T03:21:50+00:00\",\"breadcrumb\":{\"@id\":\"https:\/\/haiautic.vn\/bay-ngam-canh\/#breadcrumb\"},\"inLanguage\":\"en-GB\",\"potentialAction\":[{\"@type\":\"ReadAction\",\"target\":[\"https:\/\/haiautic.vn\/bay-ngam-canh\/\"]}]},{\"@type\":\"BreadcrumbList\",\"@id\":\"https:\/\/haiautic.vn\/bay-ngam-canh\/#breadcrumb\",\"itemListElement\":[{\"@type\":\"ListItem\",\"position\":1,\"name\":\"Trang ch\u1ee7\",\"item\":\"https:\/\/haiautic.vn\/\"},{\"@type\":\"ListItem\",\"position\":2,\"name\":\"Bay ng\u1eafm c\u1ea3nh\"}]},{\"@type\":\"WebSite\",\"@id\":\"https:\/\/haiautic.vn\/#website\",\"url\":\"https:\/\/haiautic.vn\/\",\"name\":\"H\u1ea3i \u00c2u TIC\",\"description\":\"\",\"publisher\":{\"@id\":\"https:\/\/haiautic.vn\/#organization\"},\"potentialAction\":[{\"@type\":\"SearchAction\",\"target\":{\"@type\":\"EntryPoint\",\"urlTemplate\":\"https:\/\/haiautic.vn\/?s={search_term_string}\"},\"query-input\":\"required name=search_term_string\"}],\"inLanguage\":\"en-GB\"},{\"@type\":\"Organization\",\"@id\":\"https:\/\/haiautic.vn\/#organization\",\"name\":\"H\u1ea3i \u00c2u TIC\",\"url\":\"https:\/\/haiautic.vn\/\",\"logo\":{\"@type\":\"ImageObject\",\"inLanguage\":\"en-GB\",\"@id\":\"https:\/\/haiautic.vn\/#\/schema\/logo\/image\/\",\"url\":\"https:\/\/haiautic.vn\/wp-content\/uploads\/2024\/03\/cropped-cropped-logo.png\",\"contentUrl\":\"https:\/\/haiautic.vn\/wp-content\/uploads\/2024\/03\/cropped-cropped-logo.png\",\"width\":512,\"height\":512,\"caption\":\"H\u1ea3i \u00c2u TIC\"},\"image\":{\"@id\":\"https:\/\/haiautic.vn\/#\/schema\/logo\/image\/\"}}]}<\/script>\n<!-- \/ Yoast SEO Premium plugin. -->","yoast_head_json":{"title":"Bay ng\u1eafm c\u1ea3nh - H\u1ea3i \u00c2u TIC","robots":{"index":"index","follow":"follow","max-snippet":"max-snippet:-1","max-image-preview":"max-image-preview:large","max-video-preview":"max-video-preview:-1"},"canonical":"https:\/\/haiautic.vn\/en\/bay-ngam-canh\/","og_locale":"en_GB","og_type":"article","og_title":"Bay ng\u1eafm c\u1ea3nh","og_description":"Ng\u1eafm nh\u00ecn \u0111\u1ea5t tr\u1eddi t\u1eeb m\u00e1y bay tr\u1ef1c th\u0103ng, \u0111\u00f3 l\u00e0 m\u1ed9t trong nh\u1eefng tr\u1ea3i nghi\u1ec7m th\u00fa v\u1ecb, b\u1ea1n s\u1ebd kh\u00f4ng bao gi\u1edd qu\u00ean &#8211; 28 m\u00e1y bay tr\u1ef1c th\u0103ng hi\u1ec7n \u0111\u1ea1i t\u1eeb 4 \u0111\u1ebfn 24 ch\u1ed7 &#8211; H\u1ec7 th\u1ed1ng 50 \u0111\u01b0\u1eddng bay du l\u1ecbch \u0111\u01b0\u1ee3c c\u1ea5p ph\u00e9p (H\u1ea1 Long, Ninh\u00a0B\u00ecnh, C\u00e1t Bi, C\u00e1t B\u00e0,","og_url":"https:\/\/haiautic.vn\/en\/bay-ngam-canh\/","og_site_name":"H\u1ea3i \u00c2u TIC","article_modified_time":"2025-12-24T03:21:50+00:00","og_image":[{"url":"https:\/\/haiautic.vn\/wp-content\/uploads\/2024\/03\/thuemaybay11-591x337-1.jpg"}],"twitter_card":"summary_large_image","twitter_misc":{"Estimated reading time":"3 minutes"},"schema":{"@context":"https:\/\/schema.org","@graph":[{"@type":"WebPage","@id":"https:\/\/haiautic.vn\/bay-ngam-canh\/","url":"https:\/\/haiautic.vn\/bay-ngam-canh\/","name":"Bay ng\u1eafm c\u1ea3nh - H\u1ea3i \u00c2u TIC","isPartOf":{"@id":"https:\/\/haiautic.vn\/#website"},"datePublished":"2024-03-14T03:35:58+00:00","dateModified":"2025-12-24T03:21:50+00:00","breadcrumb":{"@id":"https:\/\/haiautic.vn\/bay-ngam-canh\/#breadcrumb"},"inLanguage":"en-GB","potentialAction":[{"@type":"ReadAction","target":["https:\/\/haiautic.vn\/bay-ngam-canh\/"]}]},{"@type":"BreadcrumbList","@id":"https:\/\/haiautic.vn\/bay-ngam-canh\/#breadcrumb","itemListElement":[{"@type":"ListItem","position":1,"name":"Trang ch\u1ee7","item":"https:\/\/haiautic.vn\/"},{"@type":"ListItem","position":2,"name":"Bay ng\u1eafm c\u1ea3nh"}]},{"@type":"WebSite","@id":"https:\/\/haiautic.vn\/#website","url":"https:\/\/haiautic.vn\/","name":"H\u1ea3i \u00c2u TIC","description":"","publisher":{"@id":"https:\/\/haiautic.vn\/#organization"},"potentialAction":[{"@type":"SearchAction","target":{"@type":"EntryPoint","urlTemplate":"https:\/\/haiautic.vn\/?s={search_term_string}"},"query-input":"required name=search_term_string"}],"inLanguage":"en-GB"},{"@type":"Organization","@id":"https:\/\/haiautic.vn\/#organization","name":"H\u1ea3i \u00c2u TIC","url":"https:\/\/haiautic.vn\/","logo":{"@type":"ImageObject","inLanguage":"en-GB","@id":"https:\/\/haiautic.vn\/#\/schema\/logo\/image\/","url":"https:\/\/haiautic.vn\/wp-content\/uploads\/2024\/03\/cropped-cropped-logo.png","contentUrl":"https:\/\/haiautic.vn\/wp-content\/uploads\/2024\/03\/cropped-cropped-logo.png","width":512,"height":512,"caption":"H\u1ea3i \u00c2u TIC"},"image":{"@id":"https:\/\/haiautic.vn\/#\/schema\/logo\/image\/"}}]}},"_links":{"self":[{"href":"https:\/\/haiautic.vn\/en\/wp-json\/wp\/v2\/pages\/218","targetHints":{"allow":["GET"]}}],"collection":[{"href":"https:\/\/haiautic.vn\/en\/wp-json\/wp\/v2\/pages"}],"about":[{"href":"https:\/\/haiautic.vn\/en\/wp-json\/wp\/v2\/types\/page"}],"author":[{"embeddable":true,"href":"https:\/\/haiautic.vn\/en\/wp-json\/wp\/v2\/users\/1"}],"replies":[{"embeddable":true,"href":"https:\/\/haiautic.vn\/en\/wp-json\/wp\/v2\/comments?post=218"}],"version-history":[{"count":13,"href":"https:\/\/haiautic.vn\/en\/wp-json\/wp\/v2\/pages\/218\/revisions"}],"predecessor-version":[{"id":730,"href":"https:\/\/haiautic.vn\/en\/wp-json\/wp\/v2\/pages\/218\/revisions\/730"}],"wp:attachment":[{"href":"https:\/\/haiautic.vn\/en\/wp-json\/wp\/v2\/media?parent=218"}],"curies":[{"name":"wp","href":"https:\/\/api.w.org\/{rel}","templated":true}]}}